{"id":78,"date":"2017-10-24T17:16:27","date_gmt":"2017-10-24T15:16:27","guid":{"rendered":"http:\/\/tullnerbacher.at\/cms\/?page_id=78"},"modified":"2017-10-26T20:29:45","modified_gmt":"2017-10-26T18:29:45","slug":"individuelle-softwareloesungen","status":"publish","type":"page","link":"https:\/\/tullnerbacher.at\/cms\/index.php\/individuelle-softwareloesungen\/","title":{"rendered":"Individuelle Softwarel\u00f6sungen"},"content":{"rendered":"<p>Sie brauchen eine individuelle L\u00f6sung f\u00fcr ihre Webanwendung?<br \/>\nIhre Anforderungen werden nicht, oder nicht vollst\u00e4ndig, durch Ihre bestehende L\u00f6sung erf\u00fcllt?<\/p>\n<p>Wir k\u00f6nnen Ihnen helfen die L\u00fccke mittels individueller Software zu schlie\u00dfen.<\/p>\n<p>Ein Beispiel einer individuellen L\u00f6sung ist unsere <a href=\"http:\/\/tullnerbacher.at\/cms\/index.php\/vereinsverwaltungs-und-buchungssoftware-emobil\/\">Vereinverwaltungs- und Buchungssoftware eMobil<\/a><\/p>\n<p><a href=\"http:\/\/tullnerbacher.at\/cms\/#Kontakt\">Fragen Sie jetzt bei uns an<\/a><\/p>\n","protected":false},"excerpt":{"rendered":"<p>Sie brauchen eine individuelle L\u00f6sung f\u00fcr ihre Webanwendung? Ihre Anforderungen werden nicht, oder nicht vollst\u00e4ndig, durch Ihre bestehende L\u00f6sung erf\u00fcllt? Wir k\u00f6nnen Ihnen helfen die L\u00fccke mittels individueller Software zu &#8230;<\/p>\n","protected":false},"author":1,"featured_media":0,"parent":0,"menu_order":0,"comment_status":"closed","ping_status":"closed","template":"template-fullwidth.php","meta":{"footnotes":""},"class_list":["post-78","page","type-page","status-publish","hentry"],"_links":{"self":[{"href":"https:\/\/tullnerbacher.at\/cms\/index.php\/wp-json\/wp\/v2\/pages\/78"}],"collection":[{"href":"https:\/\/tullnerbacher.at\/cms\/index.php\/wp-json\/wp\/v2\/pages"}],"about":[{"href":"https:\/\/tullnerbacher.at\/cms\/index.php\/wp-json\/wp\/v2\/types\/page"}],"author":[{"embeddable":true,"href":"https:\/\/tullnerbacher.at\/cms\/index.php\/wp-json\/wp\/v2\/users\/1"}],"replies":[{"embeddable":true,"href":"https:\/\/tullnerbacher.at\/cms\/index.php\/wp-json\/wp\/v2\/comments?post=78"}],"version-history":[{"count":4,"href":"https:\/\/tullnerbacher.at\/cms\/index.php\/wp-json\/wp\/v2\/pages\/78\/revisions"}],"predecessor-version":[{"id":129,"href":"https:\/\/tullnerbacher.at\/cms\/index.php\/wp-json\/wp\/v2\/pages\/78\/revisions\/129"}],"wp:attachment":[{"href":"https:\/\/tullnerbacher.at\/cms\/index.php\/wp-json\/wp\/v2\/media?parent=78"}],"curies":[{"name":"wp","href":"https:\/\/api.w.org\/{rel}","templated":true}]}}