{"id":112,"date":"2017-10-25T13:17:08","date_gmt":"2017-10-25T11:17:08","guid":{"rendered":"http:\/\/tullnerbacher.at\/cms\/?page_id=112"},"modified":"2017-10-25T13:33:38","modified_gmt":"2017-10-25T11:33:38","slug":"ecommerce","status":"publish","type":"page","link":"https:\/\/tullnerbacher.at\/cms\/index.php\/ecommerce\/","title":{"rendered":"eCommerce"},"content":{"rendered":"<p>Sie haben bereits ein bestehendes Business und wollen die M\u00f6glichkeiten des Internets f\u00fcr einen weiteren Absatzkanal nutzen?<\/p>\n<p>Gerne unterst\u00fctzen wir Sie bei der Auswahl\/Aufbau Ihrer eCommerce L\u00f6sung.<\/p>\n<h5><strong>Beispiele:<\/strong><\/h5>\n<h4><strong>Beatedelic Webshop\u00a0<\/strong><\/h4>\n<p>Hier ein Kunde f\u00fcr den wir einen OpenSource Webshop angepasst haben um seinen W\u00fcnschen zu entsprechen:<\/p>\n<figure id=\"attachment_116\" aria-describedby=\"caption-attachment-116\" style=\"width: 300px\" class=\"wp-caption alignnone\"><img loading=\"lazy\" decoding=\"async\" class=\"size-medium wp-image-116\" src=\"http:\/\/tullnerbacher.at\/cms\/wp-content\/uploads\/2017\/10\/beatedelic-preview-300x215.png\" alt=\"\" width=\"300\" height=\"215\" srcset=\"https:\/\/tullnerbacher.at\/cms\/wp-content\/uploads\/2017\/10\/beatedelic-preview-300x215.png 300w, https:\/\/tullnerbacher.at\/cms\/wp-content\/uploads\/2017\/10\/beatedelic-preview-768x551.png 768w, https:\/\/tullnerbacher.at\/cms\/wp-content\/uploads\/2017\/10\/beatedelic-preview-1024x735.png 1024w, https:\/\/tullnerbacher.at\/cms\/wp-content\/uploads\/2017\/10\/beatedelic-preview.png 1170w\" sizes=\"(max-width: 300px) 100vw, 300px\" \/><figcaption id=\"caption-attachment-116\" class=\"wp-caption-text\">Screenshot der beatedelic Website<\/figcaption><\/figure>\n<p>&nbsp;<\/p>\n<p>&nbsp;<\/p>\n<p><a href=\"http:\/\/tullnerbacher.at\/cms\/#Kontakt\">Fragen Sie jetzt bei uns an<\/a><\/p>\n","protected":false},"excerpt":{"rendered":"<p>Sie haben bereits ein bestehendes Business und wollen die M\u00f6glichkeiten des Internets f\u00fcr einen weiteren Absatzkanal nutzen? Gerne unterst\u00fctzen wir Sie bei der Auswahl\/Aufbau Ihrer eCommerce L\u00f6sung. Beispiele: Beatedelic Webshop\u00a0 &#8230;<\/p>\n","protected":false},"author":1,"featured_media":0,"parent":0,"menu_order":0,"comment_status":"closed","ping_status":"closed","template":"template-fullwidth.php","meta":{"footnotes":""},"class_list":["post-112","page","type-page","status-publish","hentry"],"_links":{"self":[{"href":"https:\/\/tullnerbacher.at\/cms\/index.php\/wp-json\/wp\/v2\/pages\/112"}],"collection":[{"href":"https:\/\/tullnerbacher.at\/cms\/index.php\/wp-json\/wp\/v2\/pages"}],"about":[{"href":"https:\/\/tullnerbacher.at\/cms\/index.php\/wp-json\/wp\/v2\/types\/page"}],"author":[{"embeddable":true,"href":"https:\/\/tullnerbacher.at\/cms\/index.php\/wp-json\/wp\/v2\/users\/1"}],"replies":[{"embeddable":true,"href":"https:\/\/tullnerbacher.at\/cms\/index.php\/wp-json\/wp\/v2\/comments?post=112"}],"version-history":[{"count":3,"href":"https:\/\/tullnerbacher.at\/cms\/index.php\/wp-json\/wp\/v2\/pages\/112\/revisions"}],"predecessor-version":[{"id":119,"href":"https:\/\/tullnerbacher.at\/cms\/index.php\/wp-json\/wp\/v2\/pages\/112\/revisions\/119"}],"wp:attachment":[{"href":"https:\/\/tullnerbacher.at\/cms\/index.php\/wp-json\/wp\/v2\/media?parent=112"}],"curies":[{"name":"wp","href":"https:\/\/api.w.org\/{rel}","templated":true}]}}